{"id":18,"date":"2015-12-23T10:47:33","date_gmt":"2015-12-23T10:47:33","guid":{"rendered":"http:\/\/xn--frderkreis-st-laurentius-schule-6cd.de\/?page_id=18"},"modified":"2026-03-23T13:13:53","modified_gmt":"2026-03-23T12:13:53","slug":"wir-ueber-uns","status":"publish","type":"page","link":"https:\/\/xn--frderkreis-st-laurentius-schule-6cd.de\/?page_id=18","title":{"rendered":"Wir \u00fcber&nbsp;uns"},"content":{"rendered":"<p style=\"text-align: justify;\">Der F\u00f6rderkreis der St. Laurentiusschule Herxheim wur\u00adde 1990 gegr\u00fcn\u00addet. Sein Ziel ist es, die p\u00e4d\u00adago\u00adgi\u00adsche und sozia\u00adle Arbeit der Schule an den Stellen zu unter\u00adst\u00fct\u00adzen, an denen kei\u00adne \u00f6ffent\u00adli\u00adchen Mittel zur Verf\u00fcgung stehen.<\/p>\n<p style=\"text-align: justify;\">Der F\u00f6rderkreis finan\u00adziert sich \u00fcber Mitgliedsbeitr\u00e4ge, Geld- und Sachspenden sowie Ertr\u00e4gen aus Sammlungen und Werbeaktionen. Eine \u201eEinnahmequelle\u201c stellt auch der \u201cTag der offe\u00adnen T\u00fcr\u201d dar, der j\u00e4hr\u00adlich am Totensonntag in unse\u00adrer Schule (Augustastrasse in 76863 Herxheim) statt\u00adfin\u00addet. In Zusammenarbeit zwi\u00adschen Lehrern, Eltern und Sch\u00fclern wer\u00adden gebo\u00adten: Weihnachtsbasar, Flohmarkt, Kinderanimation und Musik. Auch f\u00fcr das leib\u00adli\u00adche Wohl ist gesorgt (war\u00admes Essen, Getr\u00e4nke, Kaffee, Kuchen).<\/p>\n<h4 style=\"text-align: left;\">Vom F\u00f6rderkreis (mit)finanzierte Projekte \/ Anschaffungen<\/h4>\n<ul style=\"text-align: left;\">\n<li style=\"text-align: left;\">Einrichtung des \u201eCafe Kunterbunt\u201c<\/li>\n<li style=\"text-align: left;\">Anschaffung von Musikinstrumenten<\/li>\n<li style=\"text-align: left;\">Anschaffung von Computern und Software<\/li>\n<li style=\"text-align: left;\">Finanzierung der Klassenkassen<\/li>\n<li>Zuschuss zu den Klassenkassen von 200,- \u20ac f\u00fcr jede Klasse und Schuljahr<\/li>\n<li style=\"text-align: left;\">Unterst\u00fctzung der Sch\u00fcler bei der Finanzierung von Klassenfahrten<\/li>\n<li style=\"text-align: left;\">Anschaffung ver\u00adschie\u00adde\u00adner Ger\u00e4te und Materialien f\u00fcr den Unterricht wie CD-Spieler, Fu\u00dfb\u00e4lle, Spiele, Tiptoy, etc.<\/li>\n<li style=\"text-align: left;\">Planung und Finanzierung der Spiellandschaft auf dem Au\u00dfengel\u00e4nde des Neubaus und des Fu\u00dfballplatzes auf dem Gel\u00e4nde des Wohnheimes<\/li>\n<li style=\"text-align: left;\">Trikots f\u00fcr die Fu\u00dfballmannschaft der Schule<\/li>\n<li style=\"text-align: left;\">\u2026 und vie\u00adles&nbsp;mehr.<\/li>\n<\/ul>\n<p style=\"text-align: justify;\">Weitere Informationen \u00fcber unse\u00adre Projekte, Aktivit\u00e4ten und Anschaffungen fin\u00adden Sie unter <a href=\"https:\/\/xn--frderkreis-st-laurentius-schule-6cd.de\/?page_id=223\" target=\"_blank\" rel=\"noopener noreferrer\"><span class=\"caps\">AKTUELLES<\/span><\/a>.<\/p>\n<h4>Werden Sie Mitglied! Es geht ganz einfach<\/h4>\n<p style=\"text-align: justify;\">Laden Sie das <a href=\"https:\/\/xn--frderkreis-st-laurentius-schule-6cd.de\/wp-content\/uploads\/2026\/03\/5-Flyer-FK-2026.pdf\">Beitritts-Formular<\/a>&nbsp;(*.pdf) herunter.<\/p>\n<p style=\"text-align: justify;\">Schicken Sie uns das Formular zu (Postadresse: St.-Laurentius-Schule, Busseraustrasse 21, 76863 Herxheim, oder aus\u00adge\u00adf\u00fcllt als <span class=\"caps\">PDF<\/span> per email. Ihr Beitrittsgesuch wird dann schnell bearbeitet.<\/p>\n<p style=\"text-align: justify;\">Zus\u00e4tzlich k\u00f6n\u00adnen Sie die&nbsp;Satzung im Adobe Acrobat Format&nbsp;(*.pdf) her\u00adun\u00adter\u00adla\u00adden, um sich genau\u00ader zu informieren.<\/p>\n<p><a href=\"https:\/\/xn--frderkreis-st-laurentius-schule-6cd.de\/wp-content\/uploads\/2015\/12\/Satzung-F\u00f6rderkreis-Stand-21.12.2015.pdf\" target=\"_blank\" rel=\"noopener noreferrer\"><span class=\"caps\">SATZUNG<\/span><\/a><\/p>\n<p style=\"text-align: justify;\">Wir w\u00fcr\u00adden uns sehr freu\u00aden, wenn wir Sie bald als neu\u00ades Mitglied im F\u00f6rderkreis begr\u00fc\u00ad\u00dfen d\u00fcrfen.<\/p>\n<p style=\"text-align: justify;\"><span style=\"color: #ff00ff;\"><strong>Nat\u00fcrlich k\u00f6n\u00adnen Sie die Arbeit des F\u00f6rderkreises auch durch ein\u00adma\u00adli\u00adge Spenden unterst\u00fctzen!<\/strong><\/span><\/p>\n<h4>Bankverbindung des F\u00f6rderkreises<\/h4>\n<p style=\"text-align: left;\">F\u00f6rderkreis St.-Laurentius-Schule<br>\nGirokonto&nbsp;bei der Sparkasse <span class=\"caps\">S\u00dcW<\/span><br>\nKonto-Nr. 102962; <span class=\"caps\">BLZ<\/span> 54850010<br>\n<span style=\"color: #ff00ff;\"><strong><span class=\"caps\">IBAN<\/span>: <span class=\"caps\">DE55<\/span> 5485 0010 0000 1029&nbsp;62<\/strong><\/span><br>\n<span class=\"caps\">BIC<\/span>: <span class=\"caps\">SOLADES1SUW<\/span><\/p>\n<p style=\"text-align: left;\">Gerne stel\u00adlen wir Ihnen eine steu\u00ader\u00adre\u00adle\u00advan\u00adte Bescheinigung aus.<\/p>\n<h4 style=\"text-align: left;\">Der Vorstand des F\u00f6rderkreises<\/h4>\n<p style=\"text-align: left;\">ers\u00adte Vorsitzende:&nbsp; &nbsp; &nbsp; &nbsp; &nbsp; &nbsp; Frau Mariana Ciufudean<br>\nstell\u00advertr. Vorsitzender: Herr Cumali Baykal<br>\nSchatzmeister:&nbsp; &nbsp; &nbsp; &nbsp; &nbsp; &nbsp; &nbsp; &nbsp; &nbsp; Herr Michael Hoffmann<br>\nSchriftf\u00fchrer:&nbsp; &nbsp; &nbsp; &nbsp; &nbsp; &nbsp; &nbsp; &nbsp; &nbsp; &nbsp; Frau Silke&nbsp;Ott<\/p>\n<p style=\"text-align: left;\">Beisitzer: Frau Annette Seeber-Berscheid, Frau Kathrin Humbert, Frau Olga Zeiger<\/p>\n<p style=\"text-align: left;\">Kassenpr\u00fcfer: Frau Michaela G\u00f6hr und Frau Barbara Pfeiffer<\/p>\n","protected":false},"excerpt":{"rendered":"<p>Der F\u00f6rderkreis der St. Laurentiusschule Herxheim wur\u00adde 1990 gegr\u00fcn\u00addet. Sein Ziel ist es, die p\u00e4d\u00adago\u00adgi\u00adsche und sozia\u00adle Arbeit der Schule an den Stellen zu unter\u00adst\u00fct\u00adzen, an denen kei\u00adne \u00f6ffent\u00adli\u00adchen Mittel zur Verf\u00fcgung ste\u00adhen. Der F\u00f6rderkreis finan\u00adziert sich \u00fcber Mitgliedsbeitr\u00e4ge, Geld- und Sachspenden sowie Ertr\u00e4gen aus Sammlungen und Werbeaktionen. Eine \u201eEinnahmequelle\u201c stellt auch der \u201cTag der \u2026 <a href=\"https:\/\/xn--frderkreis-st-laurentius-schule-6cd.de\/?page_id=18\" class=\"more-link\"><span class=\"screen-reader-text\">Wir \u00fcber&nbsp;uns<\/span> weiterlesen<\/a><\/p>\n","protected":false},"author":1,"featured_media":426,"parent":0,"menu_order":3,"comment_status":"closed","ping_status":"closed","template":"","meta":{"wp_typography_post_enhancements_disabled":false,"footnotes":""},"class_list":["post-18","page","type-page","status-publish","has-post-thumbnail","hentry"],"_links":{"self":[{"href":"https:\/\/xn--frderkreis-st-laurentius-schule-6cd.de\/index.php?rest_route=\/wp\/v2\/pages\/18","targetHints":{"allow":["GET"]}}],"collection":[{"href":"https:\/\/xn--frderkreis-st-laurentius-schule-6cd.de\/index.php?rest_route=\/wp\/v2\/pages"}],"about":[{"href":"https:\/\/xn--frderkreis-st-laurentius-schule-6cd.de\/index.php?rest_route=\/wp\/v2\/types\/page"}],"author":[{"embeddable":true,"href":"https:\/\/xn--frderkreis-st-laurentius-schule-6cd.de\/index.php?rest_route=\/wp\/v2\/users\/1"}],"replies":[{"embeddable":true,"href":"https:\/\/xn--frderkreis-st-laurentius-schule-6cd.de\/index.php?rest_route=%2Fwp%2Fv2%2Fcomments&post=18"}],"version-history":[{"count":38,"href":"https:\/\/xn--frderkreis-st-laurentius-schule-6cd.de\/index.php?rest_route=\/wp\/v2\/pages\/18\/revisions"}],"predecessor-version":[{"id":425,"href":"https:\/\/xn--frderkreis-st-laurentius-schule-6cd.de\/index.php?rest_route=\/wp\/v2\/pages\/18\/revisions\/425"}],"wp:featuredmedia":[{"embeddable":true,"href":"https:\/\/xn--frderkreis-st-laurentius-schule-6cd.de\/index.php?rest_route=\/wp\/v2\/media\/426"}],"wp:attachment":[{"href":"https:\/\/xn--frderkreis-st-laurentius-schule-6cd.de\/index.php?rest_route=%2Fwp%2Fv2%2Fmedia&parent=18"}],"curies":[{"name":"wp","href":"https:\/\/api.w.org\/{rel}","templated":true}]}}